{"id":3,"date":"2023-11-06T14:22:51","date_gmt":"2023-11-06T13:22:51","guid":{"rendered":"https:\/\/www.trulliterradimezzo.it\/trulli\/?page_id=3"},"modified":"2024-02-05T11:49:01","modified_gmt":"2024-02-05T10:49:01","slug":"privacy-policy","status":"publish","type":"page","link":"https:\/\/www.trulliterradimezzo.it\/en\/privacy-policy\/","title":{"rendered":"Cookie e Privacy Policy"},"content":{"rendered":"<p><strong>INFORMAZIONI AI SENSI DEGLI ARTT. 13 E 14 DEL REGOLAMENTO UE 2016\/679<\/strong><\/p>\n\n\n\n<p>Ai sensi degli artt. 13 e 14 del Regolamento UE 679\/2016, il trattamento dei dati personali acquisiti a seguito della consultazione del sito www.masseriasantannabari.it, sar\u00e0 improntato ai principi di correttezza, liceit\u00e0, trasparenza e di tutela della riservatezza e dei diritti degli utenti.<\/p>\n\n\n\n<p><strong>1. Titolare del trattamento e responsabile della protezione dei dati<\/strong><\/p>\n\n\n\n<p>Il Titolare del trattamento e  Il responsabile della protezione dei dati (DPO) ai sensi dell\u2019art. 38 del Regolamento \u00e8 \u00e8 <strong>Micaela Mummolo<\/strong>, <strong>+39.3393391624, trulliterradimezzo@gmail.com<\/strong>. I dati saranno conservati dal titolare per adempiere alle attivit\u00e0 di checkin e checkout e per invio di eventuali promo legate esclusivamente al soggiorno.<\/p>\n\n\n\n<p><strong>2. Finalit\u00e0 del trattamento dei dati e base giuridica<\/strong><\/p>\n\n\n\n<p>Il trattamento \u00e8 finalizzato a:<\/p>\n\n\n\n<p>\u2022 Fornire i servizi di ospitalit\u00e0 e servizi accessori richiesti dall&#8217;interessato. Il trattamento \u00e8 necessario all\u2019esecuzione del contratto di cui l\u2019interessato \u00e8 parte o all\u2019esecuzione di misure precontrattuali adottate su richiesta dello stesso ai sensi dell\u2019art. 6, par. 1, lett. b), del Reg. UE 679\/2016. L\u2019interessato pu\u00f2 comunicare volontariamente i suoi dati particolari (c.d. dati sensibili, come dati relativi alla salute) o quelli dei suoi familiari, ove necessario per offrire una migliore ospitalit\u00e0 presso la struttura alberghiera, la base giuridica che legittima il trattamento \u00e8 l\u2019espresso consenso dell\u2019interessato liberamente revocabile, ai sensi dell\u2019art. 6, par. 1, lett. a), del Reg. UE 679\/2016;<\/p>\n\n\n\n<p>\u2022 Dare esecuzione a servizi di ospitalit\u00e0 quali la comunicazione esterna dei dati personali, al fine esclusivo di consentire il ricevimento di oggetti, messaggi e telefonate indirizzate alle persone alloggiate, la base giuridica che legittima il trattamento \u00e8 l\u2019espresso consenso dell\u2019interessato liberamente revocabile, ai sensi dell\u2019art. 6, par. 1, lett. a), del Reg. UE 679\/2016;<\/p>\n\n\n\n<p>\u2022 Espletare i relativi adempimenti contabili, fiscali e legali. La struttura recettiva ha l\u2019obbligo di comunicare alla Questura territorialmente competente ai sensi dall\u2019art. 109 del T.U.L.P.S, per fini di pubblica sicurezza, le generalit\u00e0 delle persone alloggiate, secondo le modalit\u00e0 stabilite dal Ministero dell\u2019Interno (Decreto 7 gennaio 2013). Il trattamento \u00e8 necessario per adempiere agli obblighi di legge al quale \u00e8 soggetto il titolare del trattamento ai sensi dell\u2019art. 6, par. 1. lett. c), del Reg. UE 679\/2016;<\/p>\n\n\n\n<p>\u2022 Rilevare l\u2019esperienza d&#8217;uso delle nostre piattaforme, dei prodotti e servizi che offriamo e assicurare il corretto funzionamento delle pagine web e dei loro contenuti. Il trattamento \u00e8 necessario per il perseguimento del legittimo interesse del titolare del trattamento ai sensi dell\u2019art. 6, par. 1, lett. f), del Reg. UE 679\/2016;<\/p>\n\n\n\n<p>\u2022 Inviare eventuali comunicazioni commerciali relative a servizi analoghi a quelli gi\u00e0 acquistati e\/o sottoscritti dall&#8217;interessato cos\u00ec come disposto dall\u2019art. 130 del Decreto Legislativo 196\/2003 e ss.mm.ii. fermo restando che, l\u2019interessato in qualsiasi momento, avr\u00e0 la possibilit\u00e0 di opporsi all\u2019invio di tali comunicazioni;<\/p>\n\n\n\n<p>\u2022 Svolgere attivit\u00e0 di profilazione ossia di analisi e elaborazione di informazioni relative all&#8217;utente, alle sue preferenze, abitudini, scelte di consumo e\/o esperienze di navigazione. Tale attivit\u00e0 viene effettuata anche mediante l&#8217;utilizzo di tecnologie quali i cookie (per maggiori informazioni si rimanda alla &#8220;Cookie Policy&#8221;). I trattamenti posti in essere per queste finalit\u00e0 vengono effettuati con lo specifico consenso fornito dall&#8217;utente.<\/p>\n\n\n\n<p><strong>3. Destinatari e categorie di destinatari dei dati e trasferimento dei dati.<\/strong><\/p>\n\n\n\n<p>Per il perseguimento delle finalit\u00e0 descritte, il Titolare si riserva la facolt\u00e0 di comunicare i dati a terzi nel caso in cui ci\u00f2 sia previsto dal diritto nazionale o dell\u2019Unione europea, a titolo esemplificativo:<\/p>\n\n\n\n<p>&#8211; Motori per le prenotazioni online (IBE \u2013 Internet Booking Engine);<\/p>\n\n\n\n<p>&#8211; Autorit\u00e0 di controllo e, in generale, soggetti, pubblici con funzioni di rilievo pubblicistico;<\/p>\n\n\n\n<p>&#8211; Studi professionali o societ\u00e0 nell\u2019ambito di rapporti di assistenza e consulenza;<\/p>\n\n\n\n<p>&#8211; Soggetti che svolgono adempimenti di controllo, revisione e certificazione delle attivit\u00e0 poste in essere dal Titolare. I dati personali forniti dall&#8217;interessato non saranno oggetto di diffusione. I dati saranno trattati all\u2019interno dell\u2019Unione Europea e conservati su server ubicati all\u2019interno dell\u2019Unione Europea.<\/p>\n\n\n\n<p><strong>4. Modalit\u00e0 di trattamento e periodo di conservazione dei dati<\/strong><\/p>\n\n\n\n<p>Il trattamento sar\u00e0 svolto in forma automatizzata e\/o manuale, nel rispetto di quanto previsto dall\u2019art. 32 del Reg. UE 679\/2016. In ottemperanza ai principi di liceit\u00e0, limitazione delle finalit\u00e0 e minimizzazione dei dati, ai sensi dell\u2019art. 5 del Reg. UE 679\/2016, i dati personali saranno conservati per il periodo di tempo necessario al conseguimento delle finalit\u00e0 per le quali sono raccolti e trattati. Nello specifico, i dati relativi ai log di navigazione, qualora registrati, saranno conservati dal Titolare per un periodo pari a 14 mesi.<\/p>\n\n\n\n<p>I dati forniti dall\u2019interessato e relativi alla finalit\u00e0 contrattuale, saranno trattati per tutta la durata del rapporto contrattuale in essere e ulteriormente conservati esclusivamente per il periodo previsto per l&#8217;adempimento di obblighi di legge, sempre che non risulti necessario conservarli ulteriormente per accertare, esercitare o difendere un diritto in sede giudiziaria.<\/p>\n\n\n\n<p><strong>5. Categorie di dati<\/strong><\/p>\n\n\n\n<p>Dati di navigazione: i sistemi informatici e le procedure software preposte al funzionamento di questo sito web acquisiscono, nel corso del loro normale esercizio, alcuni dati personali la cui trasmissione \u00e8 implicita nell&#8217;uso dei protocolli di comunicazione di Internet. In questa categoria di dati rientrano: gli indirizzi IP, il tipo di browser utilizzato, il sistema operativo, il nome di dominio e gli indirizzi di siti web dai quali \u00e8 stato effettuato l&#8217;accesso, le informazioni sulle pagine visitate dagli utenti all&#8217;interno del sito, l&#8217;orario d&#8217;accesso, la permanenza sulla singola pagina, l&#8217;analisi di percorso interno ed altri parametri relativi al sistema operativo e all&#8217;ambiente informatico dell&#8217;utente;<\/p>\n\n\n\n<p>Dati personali: qualsiasi informazione riguardate una persona fisica identificata o identificabile come, generalit\u00e0 e recapiti, data di nascita, email, partita Iva, estremi carte di credito e debito forniti a saldo, data di arrivo e di partenza, servizi e prodotti acquistati riportati negli estratti conto e nei documenti fiscali.<\/p>\n\n\n\n<p>Dati particolari (c.d. dati sensibili): dati relativi alla salute, previo esplicito consenso dell\u2019interessato.<\/p>\n\n\n\n<p><strong>6. Conferimento dei dati<\/strong><\/p>\n\n\n\n<p>A parte quanto specificato per i dati di navigazione, l\u2019interessato \u00e8 libero di conferire o meno i dati personali richiesti nelle form di registrazione ai servizi. Su tali form peraltro alcuni dati possono essere contrassegnati come obbligatori; si deve intendere che tali dati sono necessari per l&#8217;erogazione del servizio richiesto, qualora questi non vengano conferiti il servizio richiesto non potr\u00e0 essere erogato.<\/p>\n\n\n\n<p><strong>Redirect verso siti esterni<\/strong><\/p>\n\n\n\n<p>Il sito web pu\u00f2 utilizzare i c.d. social plug-in. I social plug-in sono speciali strumenti che permettono di incorporare le funzionalit\u00e0 del social network direttamente all&#8217;interno del sito web (ad es. la funzione &#8220;mi piace&#8221; di Facebook). Tutti i social plug-in presenti nel sito sono contrassegnati dal rispettivo logo di propriet\u00e0 della piattaforma di social network (ad es. Facebook, Google, Twitter, Linkedin).<\/p>\n\n\n\n<p>Quando si visita una pagina del nostro sito e si interagisce con il plug-in (ad es. cliccando il pulsante &#8220;Mi piace&#8221;) o si decide di lasciare un commento, le corrispondenti informazioni vengono trasmesse dal browser direttamente alla piattaforma di social network e da questo memorizzate. Per informazioni sulle finalit\u00e0, il tipo e le modalit\u00e0 di raccolta, elaborazione, utilizzo e conservazione dei dati personali da parte della piattaforma di social network, nonch\u00e9 per le modalit\u00e0 attraverso cui esercitare i propri diritti, si prega di consultare la politica privacy adottata dal singolo social network.<\/p>\n\n\n\n<p><strong>Collegamento verso\/da siti terzi<\/strong><\/p>\n\n\n\n<p>Da questo sito web \u00e8 possibile collegarsi, mediante appositi link, verso altri siti web. Il Titolare declina qualsiasi responsabilit\u00e0 in merito all&#8217;eventuale richiesta e\/o rilascio di dati personali a siti terzi e in ordine alla gestione delle credenziali di autenticazione fornite da soggetti terzi.<\/p>\n\n\n\n<p><strong>Diritti dell\u2019interessato<\/strong><\/p>\n\n\n\n<p>Ferme restando le condizioni ed i limiti stabiliti dal Reg. 679\/16 e dal D.Lgs. 196\/2003, l\u2019interessato ha il diritto di revocare in qualsiasi momento il consenso eventualmente prestato, senza pregiudicare la liceit\u00e0 del trattamento basata sul consenso prestato prima della revoca (art. 7 del Reg. UE 679\/2016), ha il diritto di accedere ai dati personali ed alle informazioni contenute (art. 15 del Reg. UE 679\/2016), di chiedere la rettifica (art. 16 del Reg. UE 679\/2016), di richiedere la cancellazione (Art.17 del Reg. UE 679\/2016), di ottenere la limitazione del trattamento (art. 18 del Reg. UE 679\/2016), di opporsi al trattamento (art. 21 del Reg. UE 679\/2016).<\/p>\n\n\n\n<p>Potr\u00e0 esercitare i diritti sopracitati compilando il modulo presente a questo link ed inviandolo a mezzo raccomandata A\/R al seguente indirizzo: via Vittorio Veneto, 31\/33&nbsp; 70128 \u2013 Bari Palese , o all\u2019indirizzo email: info@masseriasantannabari.it.<\/p>\n\n\n\n<p>L\u2019interessato ha altres\u00ec il diritto di proporre reclamo al Garante (art. 77 del Reg. UE 679\/2016).<\/p>\n\n\n\n<p><strong>Modifiche e informazioni aggiuntive<\/strong><\/p>\n\n\n\n<p>La presente informativa pu\u00f2 essere soggetta a variazioni anche in conseguenza di eventuali modifiche e\/o integrazioni normative.<\/p>\n\n\n\n<p><strong>INFORMATIVA ESTESA SULL\u2019USO DEI COOKIE<\/strong><\/p>\n\n\n\n<p>Ai visitatori del sito potranno essere inviati alcuni file di dimensioni molto contenute detti &#8220;cookie&#8221;, per permettere la corretta interazione con le funzionalit\u00e0 del sito. L\u2019uso dei cosiddetti \u201ccookies\u201d \u00e8 uno standard del settore, necessario al corretto funzionamento del sito e del miglioramento dello stesso. I \u201ccookies\u201d vengono memorizzati sul computer dell\u2019utente e non su questo Sito. Durante l&#8217;utilizzo del sito, l&#8217;utente potrebbe ricevere cookie inviati da terze parti. I cookie utilizzati su questo sito, verranno utilizzati per gestire le seguenti funzionalit\u00e0:<\/p>\n\n\n\n<p>&#8211; memorizzare le preferenze inserite<\/p>\n\n\n\n<p>&#8211; analizzare l\u2019utilizzo dei servizi forniti per ottimizzarne l\u2019esperienza di navigazione<\/p>\n\n\n\n<p>&#8211; garantire la sicurezza ed integrit\u00e0 del sito<\/p>\n\n\n\n<p>Caratteristiche e finalit\u00e0 dei cookie installati dal sito<\/p>\n\n\n\n<p>&#8211; Cookie tecnici: sono necessari al corretto funzionamento del sito. Possono essere forniti da questo dominio o da terze parti per funzioni di integrazione con social network e similari.<\/p>\n\n\n\n<p>&#8211; Cookie analitici: vengono utilizzati per la creazione di statistiche anonime, monitoraggio del corretto funzionamento del sito e miglioramento dello stesso. Questi tipi di cookie potrebbero essere forniti da questo dominio ovvero da terze parti.<\/p>\n\n\n\n<p>&#8211; Cookie di profilazione: sono utilizzati al fine di presentare messaggi pubblicitari, secondo le preferenze dell&#8217;utente, raccolte durante la sua navigazione online. Il presente sito non rilascia cookie di profilazione, che eventualmente potrebbero essere inviati da terze parti nella fornitura o promozione dei loro servizi tramite questo sito. Per visualizzare le informative e per disattivare la profilazione tramite cookie erogati da terze parti, si prega di consultare il sito: www.youronlinechoices.com\/it<\/p>\n\n\n\n<p><strong>Disabilitazione cookies<\/strong><\/p>\n\n\n\n<p>L&#8217;utente pu\u00f2 decidere di disattivare la ricezione di cookie andando a modificare le impostazioni del proprio browser, si ricorda per\u00f2 che questa operazione potrebbe portare al malfunzionamento dei servizi offerti da questo sito. Si consiglia alternativamente di attivare la funzionalit\u00e0 &#8220;do not track&#8221; o &#8220;navigazione in incognito&#8221; o &#8220;navigazione anonima&#8221; sul proprio browser. Di seguito si riportano i link alle istruzioni per la disattivazione dei cookie per i pi\u00f9 diffusi browser:<\/p>\n\n\n\n<p>\u2022 Microsoft Internet Explorer (Link: http:\/\/windows.microsoft.com\/it-it\/windows7\/block-enable-or-allow-cookies)<\/p>\n\n\n\n<p>\u2022 Google Chrome (https:\/\/support.google.com\/accounts\/answer\/61416?hl=it)<\/p>\n\n\n\n<p>\u2022 Mozilla Firefox (Mozilla Firefox)<\/p>\n\n\n\n<p>\u2022 Apple Safari(https:\/\/support.apple.com\/kb\/PH19214?locale=it_IT)<\/p>\n\n\n\n<p>\u2022 Opera (http:\/\/help.opera.com\/Windows\/10.00\/it\/cookies.html)<\/p>\n\n\n\n<p>Visibilit\u00e0 del presente documento<\/p>\n\n\n\n<p>Questa pagina \u00e8 raggiungibile da tutte le pagine del sito, sotto la voce &#8220;Privacy e cookie &#8220;, ai sensi dell\u2019art. 122 secondo comma del D.lgs. 196\/2003 e a seguito delle modalit\u00e0 semplificate per l\u2019informativa e l\u2019acquisizione del consenso per l\u2019uso dei cookie pubblicata sulla Gazzetta Ufficiale n.126 del 3 giugno 2014 e relativo registro dei provvedimenti n.229 dell\u20198 maggio 2014.<\/p>","protected":false},"excerpt":{"rendered":"<p>INFORMAZIONI AI SENSI DEGLI ARTT. 13 E 14 DEL REGOLAMENTO UE 2016\/679 Ai sensi degli artt. 13 e 14 del Regolamento UE 679\/2016, il trattamento dei dati personali acquisiti a seguito della consultazione del sito www.masseriasantannabari.it, sar\u00e0 improntato ai principi di correttezza, liceit\u00e0, trasparenza e di tutela della riservatezza e dei diritti degli utenti. 1. [&hellip;]<\/p>\n","protected":false},"author":1,"featured_media":0,"parent":0,"menu_order":0,"comment_status":"closed","ping_status":"open","template":"","meta":{"_et_pb_use_builder":"","_et_pb_old_content":"","_et_gb_content_width":"1080","_joinchat":[],"footnotes":""},"class_list":["post-3","page","type-page","status-publish","hentry"],"_links":{"self":[{"href":"https:\/\/www.trulliterradimezzo.it\/en\/wp-json\/wp\/v2\/pages\/3","targetHints":{"allow":["GET"]}}],"collection":[{"href":"https:\/\/www.trulliterradimezzo.it\/en\/wp-json\/wp\/v2\/pages"}],"about":[{"href":"https:\/\/www.trulliterradimezzo.it\/en\/wp-json\/wp\/v2\/types\/page"}],"author":[{"embeddable":true,"href":"https:\/\/www.trulliterradimezzo.it\/en\/wp-json\/wp\/v2\/users\/1"}],"replies":[{"embeddable":true,"href":"https:\/\/www.trulliterradimezzo.it\/en\/wp-json\/wp\/v2\/comments?post=3"}],"version-history":[{"count":4,"href":"https:\/\/www.trulliterradimezzo.it\/en\/wp-json\/wp\/v2\/pages\/3\/revisions"}],"predecessor-version":[{"id":751,"href":"https:\/\/www.trulliterradimezzo.it\/en\/wp-json\/wp\/v2\/pages\/3\/revisions\/751"}],"wp:attachment":[{"href":"https:\/\/www.trulliterradimezzo.it\/en\/wp-json\/wp\/v2\/media?parent=3"}],"curies":[{"name":"wp","href":"https:\/\/api.w.org\/{rel}","templated":true}]}}